{"id":257,"date":"2025-02-11T22:09:41","date_gmt":"2025-02-11T21:09:41","guid":{"rendered":"https:\/\/fosgrav.es\/?page_id=257"},"modified":"2025-02-19T10:38:44","modified_gmt":"2025-02-19T09:38:44","slug":"declaracion-de-accesibilidade","status":"publish","type":"page","link":"https:\/\/fosgrav.es\/gl\/declaracion-de-accesibilidade\/","title":{"rendered":"Accesibilidade"},"content":{"rendered":"\n[et_pb_section fb_built=&#8221;1&#8243; _builder_version=&#8221;4.27.4&#8243; _module_preset=&#8221;default&#8221; global_colors_info=&#8221;{}&#8221; theme_builder_area=&#8221;post_content&#8221;][et_pb_row _builder_version=&#8221;4.27.4&#8243; _module_preset=&#8221;default&#8221; global_colors_info=&#8221;{}&#8221; theme_builder_area=&#8221;post_content&#8221;][et_pb_column type=&#8221;4_4&#8243; _builder_version=&#8221;4.27.4&#8243; _module_preset=&#8221;default&#8221; global_colors_info=&#8221;{}&#8221; theme_builder_area=&#8221;post_content&#8221;][et_pb_text _builder_version=&#8221;4.27.4&#8243; _module_preset=&#8221;default&#8221; header_font_size=&#8221;2rem&#8221; header_line_height=&#8221;1.5em&#8221; hover_enabled=&#8221;0&#8243; global_colors_info=&#8221;{}&#8221; theme_builder_area=&#8221;post_content&#8221; sticky_enabled=&#8221;0&#8243;]<h1 style=\"text-align: center;\">Accesibilidade<\/h1>[\/et_pb_text][et_pb_text _builder_version=&#8221;4.27.4&#8243; _module_preset=&#8221;default&#8221; text_font_size=&#8221;1.2rem&#8221; header_2_font_size=&#8221;1.6rem&#8221; header_2_line_height=&#8221;1.5em&#8221; hover_enabled=&#8221;0&#8243; global_colors_info=&#8221;{}&#8221; theme_builder_area=&#8221;post_content&#8221; sticky_enabled=&#8221;0&#8243;]<p>&nbsp;<\/p>\n<h2>Declaraci\u00f3n de accesibilidade de fosgrav<\/h2>\n<section class=\"bloque-contenedor\" id=\"contenido-principal\">Resultado: <span class=\"rojo\">Parcialmente conforme <\/span><\/p>\n<p>Fosgrav comprometeuse a facer accesible o seu sitio web de conformidade co <a href=\"https:\/\/www.boe.es\/boe\/dias\/2018\/09\/19\/pdfs\/BOE-A-2018-12699.pdf\" target=\"_blank\" rel=\"noopener\">Real Decreto 1112\/2018, de 7 de setembro<\/a>.<\/p>\n<p>A data de 18\/02\/2025, <a href=\"https:\/\/addaw.org\/es\" target=\"_blank\" rel=\"noopener\">O equipo de ADDAW<\/a> realizou unha auditor\u00eda de accesibilidade do sitio <a href=\"https:\/\/fosgrav.es\/gl\/\">https:\/\/fosgrav.es\/gl\/<\/a> seguindo a metodolox\u00eda establecida na norma UNE-EN 301549:2022<\/p>\n<p>O resultado da auditor\u00eda \u00e9 parcialmente conforme co RD 1112\/2018 e a norma UNE-EN 301549:2022 debido \u00e1s excepci\u00f3ns e \u00e1 falta de conformidade que se detallan no informe descargable<\/p>\n<table>\n<thead>\n<tr>\n<td colspan=\"2\"><\/td>\n<\/tr>\n<\/thead>\n<tbody>\n<tr>\n<td>\n<div class=\"textboxes\">\n<div class=\"col_b\">\n<div class=\"textbox\">\n<div class=\"textarea unknown\" id=\"contenedor\">Data da conformidade<a id=\"readspeaker_link\" class=\"rsbtn_play\" title=\"Escoitar esta p\u00e1xina usando ReadSpeaker\" accesskey=\"L\" href=\"https:\/\/app-eu.readspeaker.com\/cgi-bin\/rsent?customerid=5356&amp;amp;lang=gl_es&amp;amp;readid=contenedor&amp;amp;url=http%3A%2F%2Ftradutorgaio.xunta.gal%2FTradutor%2Ftraducir%2Findex\" data-rsevent-id=\"rs_695426\" role=\"button\"><span id=\"button_rs\" class=\"rsbtn_left rsimg rspart\"><span class=\"rsbtn_text\"><span><\/span><\/span><\/span><\/a><\/div>\n<\/div>\n<\/div>\n<\/div>\n<\/td>\n<td>18\/02\/2025<\/td>\n<\/tr>\n<tr>\n<td>Versi\u00f3n<\/td>\n<td>UNE-EN 301549:2022<\/td>\n<\/tr>\n<tr>\n<td>Uri<\/td>\n<td><a target=\"_blank\" href=\"https:\/\/www.etsi.org\/deliver\/etsi_en\/301500_301599\/301549\/03.02.01_60\/en_301549v030201p.pdf\" rel=\"noopener\">Descargar<\/a><\/td>\n<\/tr>\n<tr>\n<td>Nivel de cumprimento<\/td>\n<td>AA<\/td>\n<\/tr>\n<\/tbody>\n<\/table>\n<table style=\"height: 48px;\">\n<thead>\n<tr style=\"height: 24px;\">\n<td style=\"height: 24px; width: 215.266px;\">\n<div class=\"textboxes\">\n<div class=\"col_b\">\n<div class=\"textbox\">\n<div class=\"textarea unknown\" id=\"contenedor\">Alcance da declaraci\u00f3n<a id=\"readspeaker_link\" class=\"rsbtn_play\" title=\"Escoitar esta p\u00e1xina usando ReadSpeaker\" accesskey=\"L\" href=\"https:\/\/app-eu.readspeaker.com\/cgi-bin\/rsent?customerid=5356&amp;amp;lang=gl_es&amp;amp;readid=contenedor&amp;amp;url=http%3A%2F%2Ftradutorgaio.xunta.gal%2FTradutor%2Ftraducir%2Findex\" data-rsevent-id=\"rs_695426\" role=\"button\"><span id=\"button_rs\" class=\"rsbtn_left rsimg rspart\"><span class=\"rsbtn_text\"><span><\/span><\/span><\/span><span id=\"arrow_rs\" class=\"rsbtn_right rsimg rsplay rspart\"><\/span><\/a><\/div>\n<\/div>\n<\/div>\n<div class=\"links\"><\/div>\n<\/div>\n<\/td>\n<\/tr>\n<\/thead>\n<tbody>\n<tr style=\"height: 24px;\">\n<td style=\"height: 24px; width: 215.266px;\">Todo o contido da web p\u00fablica<\/td>\n<\/tr>\n<\/tbody>\n<\/table>\n<table style=\"height: 216px;\">\n<thead>\n<tr style=\"height: 24px;\">\n<td colspan=\"2\" style=\"height: 24px; width: 562.406px;\">P\u00e1xinas da mostra<\/td>\n<\/tr>\n<tr style=\"height: 24px;\">\n<td style=\"height: 24px; width: 200.203px;\">T\u00edtulo<\/td>\n<td style=\"height: 24px; width: 356.203px;\">Uri<\/td>\n<\/tr>\n<\/thead>\n<tbody>\n<tr style=\"height: 24px;\">\n<td style=\"height: 24px; width: 200.203px;\">Inicio<\/td>\n<td style=\"height: 24px; width: 356.203px;\">https:\/\/fosgrav.es\/gl\/<\/td>\n<\/tr>\n<tr style=\"height: 24px;\">\n<td style=\"height: 24px; width: 200.203px;\">Sobre mi<\/td>\n<td style=\"height: 24px; width: 356.203px;\">https:\/\/fosgrav.es\/gl\/sobre-min\/<\/td>\n<\/tr>\n<tr style=\"height: 24px;\">\n<td style=\"height: 24px; width: 200.203px;\">Portfolio<\/td>\n<td style=\"height: 24px; width: 356.203px;\">https:\/\/fosgrav.es\/gl\/video-portfolio\/<\/td>\n<\/tr>\n<tr style=\"height: 24px;\">\n<td style=\"height: 24px; width: 200.203px;\">Urban<\/td>\n<td style=\"height: 24px; width: 356.203px;\">https:\/\/fosgrav.es\/gl\/urban-cores\/<\/td>\n<\/tr>\n<tr style=\"height: 24px;\">\n<td style=\"height: 24px; width: 200.203px;\">Contacto<\/td>\n<td style=\"height: 24px; width: 356.203px;\">https:\/\/fosgrav.es\/gl\/contacto\/<\/td>\n<\/tr>\n<tr style=\"height: 24px;\">\n<td style=\"height: 24px; width: 200.203px;\">Privacidade<\/td>\n<td style=\"height: 24px; width: 356.203px;\">https:\/\/fosgrav.es\/gl\/politica-de-privacidade\/<\/td>\n<\/tr>\n<tr style=\"height: 24px;\">\n<td style=\"height: 24px; width: 200.203px;\">Declaraci\u00f3n de accesibilidad<\/td>\n<td style=\"height: 24px; width: 356.203px;\">https:\/\/fosgrav.es\/gl\/declaracion-de-accesibilidad<\/td>\n<\/tr>\n<\/tbody>\n<\/table>\n<table>\n<thead>\n<tr>\n<td colspan=\"2\">Tecnolog\u00edas presentes<\/td>\n<\/tr>\n<\/thead>\n<tbody>\n<tr>\n<td>CSS<\/td>\n<td>http:\/\/www.w3.org\/Style\/CSS\/specs\/<\/td>\n<\/tr>\n<tr>\n<td>HTML5<\/td>\n<td>http:\/\/www.w3.org\/TR\/html5\/<\/td>\n<\/tr>\n<tr>\n<td>WAI-ARIA<\/td>\n<td>https:\/\/www.w3.org\/TR\/wai-aria\/<\/td>\n<\/tr>\n<tr>\n<td>javascript<\/td>\n<td>https:\/\/developer.mozilla.org\/es\/docs\/Web\/JavaScript<\/td>\n<\/tr>\n<\/tbody>\n<\/table>\n<table>\n<thead>\n<tr>\n<td>Herramientas utilizadas<\/td>\n<\/tr>\n<\/thead>\n<tbody>\n<tr>\n<td>Browser DevTools\/Inspector<\/td>\n<\/tr>\n<tr>\n<td>HTML Validation<\/td>\n<\/tr>\n<tr>\n<td>Keyboard only<\/td>\n<\/tr>\n<tr>\n<td>VoiceOver Screen Reader<\/td>\n<\/tr>\n<tr>\n<td>WAVE Browser Extension<\/td>\n<\/tr>\n<tr>\n<td>Adobe Color Contrast Analyzer<\/td>\n<\/tr>\n<\/tbody>\n<\/table>\n<table>\n<thead>\n<tr>\n<td>Agentes de usuario empleados<\/td>\n<\/tr>\n<\/thead>\n<tbody>\n<tr>\n<td>Chrome &#8211; Latest<\/td>\n<\/tr>\n<tr>\n<td>Edge &#8211; Latest<\/td>\n<\/tr>\n<tr>\n<td>Firefox &#8211; Latest<\/td>\n<\/tr>\n<tr>\n<td>iOS Safari &#8211; Latest<\/td>\n<\/tr>\n<tr>\n<td>Opera Mobile<\/td>\n<\/tr>\n<tr>\n<td>Safari &#8211; Latest<\/td>\n<\/tr>\n<\/tbody>\n<\/table>\n<h2>Contacto<\/h2>\n<p>Pode realizar comunicaci\u00f3ns sobre requisitos de accesibilidade (artigo 10.2.a) del RD 1112\/2018 como por exemplo:<\/p>\n<ul>\n<li>Informar sobre calquera posible cumprimento por parte de este sitio web<\/li>\n<li>Transmitir outras dificultades de acceso ao contido<\/li>\n<li>Formular calquera outra consulta o suxerencia de mellora relativa a la accesibilidade del sitio web<\/li>\n<\/ul>\n<p>A trav\u00e9s da conta de correo <a href=\"mailto:info@fosgrav.es\">info@fosgrav.es<\/a><\/p>\n<h2>Descargar informes<\/h2>\n<table>\n<thead>\n<tr style=\"text-align: center;\">\n<th style=\"text-align: center;\">Identificador<\/th>\n<th style=\"text-align: center;\">Fecha<\/th>\n<th style=\"text-align: center;\">Auditor<\/th>\n<th style=\"text-align: center;\">Estado<\/th>\n<th style=\"text-align: center;\">Enlace<\/th>\n<\/tr>\n<\/thead>\n<tbody>\n<tr style=\"text-align: center;\">\n<td>1244<\/td>\n<td>15\/02\/25<\/td>\n<td>David Prieto Gonz\u00e1lez<\/td>\n<td>Parcialmente Conforme<\/td>\n<td><a href=\"https:\/\/addaw.org\/webService\/descargarInformePdf?id=1244\" aria-label=\"Ver informe 1244\" target=\"_blank\" rel=\"noopener\">Ver informe<\/a><\/td>\n<\/tr>\n<tr style=\"text-align: center;\">\n<td>1249<\/td>\n<td>18\/02\/25<\/td>\n<td>David Prieto Gonz\u00e1lez<\/td>\n<td>Parcialmente Conforme<\/td>\n<td><a href=\"https:\/\/addaw.org\/webService\/descargarInformePdf?id=1249\" aria-label=\"Ver informe 1249\" target=\"_blank\" rel=\"noopener\">Ver informe<\/a><\/td>\n<\/tr>\n<\/tbody>\n<\/table>\n<\/section>\n<p>&nbsp;<\/p>[\/et_pb_text][\/et_pb_column][\/et_pb_row][\/et_pb_section]\n","protected":false},"excerpt":{"rendered":"<p>Accesibilidade&nbsp; Declaraci\u00f3n de accesibilidade de fosgrav Resultado: Parcialmente conforme Fosgrav comprometeuse a facer accesible o seu sitio web de conformidade co Real Decreto 1112\/2018, de 7 de setembro. A data de 18\/02\/2025, O equipo de ADDAW realizou unha auditor\u00eda de accesibilidade do sitio https:\/\/fosgrav.es\/gl\/ seguindo a metodolox\u00eda establecida na norma UNE-EN 301549:2022 O resultado da [&hellip;]<\/p>\n","protected":false},"author":1,"featured_media":0,"parent":0,"menu_order":9,"comment_status":"closed","ping_status":"closed","template":"","meta":{"_et_pb_use_builder":"on","_et_pb_old_content":"","_et_gb_content_width":"","footnotes":""},"class_list":["post-257","page","type-page","status-publish","hentry"],"_links":{"self":[{"href":"https:\/\/fosgrav.es\/gl\/wp-json\/wp\/v2\/pages\/257","targetHints":{"allow":["GET"]}}],"collection":[{"href":"https:\/\/fosgrav.es\/gl\/wp-json\/wp\/v2\/pages"}],"about":[{"href":"https:\/\/fosgrav.es\/gl\/wp-json\/wp\/v2\/types\/page"}],"author":[{"embeddable":true,"href":"https:\/\/fosgrav.es\/gl\/wp-json\/wp\/v2\/users\/1"}],"replies":[{"embeddable":true,"href":"https:\/\/fosgrav.es\/gl\/wp-json\/wp\/v2\/comments?post=257"}],"version-history":[{"count":5,"href":"https:\/\/fosgrav.es\/gl\/wp-json\/wp\/v2\/pages\/257\/revisions"}],"predecessor-version":[{"id":351,"href":"https:\/\/fosgrav.es\/gl\/wp-json\/wp\/v2\/pages\/257\/revisions\/351"}],"wp:attachment":[{"href":"https:\/\/fosgrav.es\/gl\/wp-json\/wp\/v2\/media?parent=257"}],"curies":[{"name":"wp","href":"https:\/\/api.w.org\/{rel}","templated":true}]}}