{"id":254,"date":"2025-02-11T21:56:15","date_gmt":"2025-02-11T20:56:15","guid":{"rendered":"https:\/\/fosgrav.es\/?page_id=254"},"modified":"2025-04-30T10:01:10","modified_gmt":"2025-04-30T08:01:10","slug":"aviso-legal","status":"publish","type":"page","link":"https:\/\/fosgrav.es\/es\/aviso-legal\/","title":{"rendered":"Aviso Legal"},"content":{"rendered":"[et_pb_section fb_built=&#8221;1&#8243; admin_label=&#8221;section&#8221; _builder_version=&#8221;4.16&#8243; global_colors_info=&#8221;{}&#8221; theme_builder_area=&#8221;post_content&#8221;][et_pb_row admin_label=&#8221;row&#8221; _builder_version=&#8221;4.16&#8243; background_size=&#8221;initial&#8221; background_position=&#8221;top_left&#8221; background_repeat=&#8221;repeat&#8221; global_colors_info=&#8221;{}&#8221; theme_builder_area=&#8221;post_content&#8221;][et_pb_column type=&#8221;4_4&#8243; _builder_version=&#8221;4.16&#8243; custom_padding=&#8221;|||&#8221; global_colors_info=&#8221;{}&#8221; custom_padding__hover=&#8221;|||&#8221; theme_builder_area=&#8221;post_content&#8221;][et_pb_text admin_label=&#8221;Text&#8221; _builder_version=&#8221;4.27.4&#8243; text_font_size=&#8221;1.1rem&#8221; text_line_height=&#8221;1.6em&#8221; header_font_size=&#8221;2rem&#8221; header_line_height=&#8221;1.5em&#8221; header_2_text_color=&#8221;#2B588F&#8221; header_2_font_size=&#8221;1.5rem&#8221; header_2_line_height=&#8221;1.5em&#8221; background_size=&#8221;initial&#8221; background_position=&#8221;top_left&#8221; background_repeat=&#8221;repeat&#8221; hover_enabled=&#8221;0&#8243; global_colors_info=&#8221;{}&#8221; theme_builder_area=&#8221;post_content&#8221; sticky_enabled=&#8221;0&#8243;]<p><\/p>\n<h1 class=\"wp-block-heading\"><strong>AVISO LEGAL<\/strong><\/h1>\n<p>Gracias por visitar este sitio web.<br \/>Lee detenidamente los T\u00e9rminos y Condiciones que constan en este documento, ya que el uso de este sitio web implica la expresa y plena aceptaci\u00f3n de los mismos, en la versi\u00f3n publicada en el momento en que accedes a todas y cada una de las p\u00e1ginas web localizables bajo el dominio<span>\u00a0<\/span><a href=\"https:\/\/fosgrav.es\/es\/\" role=\"link\">fosgrav.es<\/a><span>\u00a0<\/span>y sus respectivos subdominios y subdirectorios. Le recomendamos que lea atentamente este documento cada vez que acceda al sitio web para comprobar si ha habido cambios en las condiciones de uso y lo abandone si no est\u00e1 de acuerdo con dichos cambios. Si creemos que ciertas modificaciones son importantes, actualizaremos la fecha de \u00ab\u00daltima modificaci\u00f3n\u00bb en la parte superior de esta p\u00e1gina. Usted ser\u00e1 el responsable de revisar y familiarizarse con cualquier modificaci\u00f3n realizada.<\/p>\n<h2>1. IDENTIFICACI\u00d3N<\/h2>\n<p>En cumplimiento con el deber de informaci\u00f3n recogido en art\u00edculo 10 de la Ley 34\/2002, de 11 de julio, de Servicios de la Sociedad de la Informaci\u00f3n y de Comercio Electr\u00f3nico con la legislaci\u00f3n vigente en materia de protecci\u00f3n de datos, en concreto, la Ley org\u00e1nica 3\/2018, de 5 de diciembre, de protecci\u00f3n de datos personales y garant\u00eda de los derechos digitales (LOPDDGG) que hace plenamente efectiva la aplicaci\u00f3n del Reglamento (UE) 2016\/679 del Parlamento Europeo y del Consejo de 27 de abril de 2016 relativo a la protecci\u00f3n de las personas f\u00edsicas en el que respeta al tratamiento de datos personales y a la libre circulaci\u00f3n de estos datos (RGPD).<\/p>\n<p><strong>Titular de la p\u00e1gina web<\/strong>: Abel V\u00e1zquez Rodr\u00edguez (en adelante FOSGRAV)<br \/><strong>Nombre Comercial:<\/strong><span>\u00a0<\/span>FOSGRAV<br \/><strong>CIF:<\/strong><span> 33338985W\u00a0<\/span><\/p>\n<h2>2. COMUNICACI\u00d3N<\/h2>\n<p>Para contactar con nosotros para cualquier cuesti\u00f3n que haga referencia al contenido de este Aviso Legal, ponemos a su disposici\u00f3n diferentes medios de contacto que detallamos a continuaci\u00f3n:<\/p>\n<p><strong>Tel\u00e9fono:<\/strong><span>\u00a0<\/span>649 32 76 23<br \/><strong>Correo electr\u00f3nico:<\/strong><a href=\"mailto:info@fosgrav.es\" role=\"link\" target=\"_blank\" rel=\"noopener\">\u00a0info@fosgrav.es<\/a><br \/><strong>P\u00e1gina Web:<\/strong><span>\u00a0<\/span><a href=\"https:\/\/fosgrav.es\/es\/\" role=\"link\">www.fosgrav.es<\/a><\/p>\n<p>Todas las notificaciones y comunicaciones facilitadas en este apartado se considerar\u00e1n eficaces, a todos los efectos, cuando se realicen a trav\u00e9s de cualquier medio de los detallados anteriormente.<\/p>\n<p>Por el hecho de acceder, ver o utilizar los materiales o servicios accesibles en o a trav\u00e9s de este sitio web o a los contenidos accesibles u otras p\u00e1ginas web o aplicaciones inform\u00e1ticas, el usuario pone de manifiesto que comprende y acepta este documento como equivalente legal de un documento firmado por escrito y vinculante.<\/p>\n<h2>3. NAVEGACI\u00d3N<\/h2>\n<p>Nuestra p\u00e1gina web cuenta con recursos t\u00e9cnicos razonables para proporcionar una navegaci\u00f3n segura y proteger toda la informaci\u00f3n recogida. No obstante, debe tener en cuenta que, si bien aplicamos e implementamos las medidas para proteger su informaci\u00f3n, ninguna p\u00e1gina web, transmisi\u00f3n por Internet, sistema inform\u00e1tico o conexi\u00f3n inal\u00e1mbrica es absolutamente segura. <strong>FOSGRAV<\/strong> no se responsabilizar\u00e1 en casos de interrupci\u00f3n del servicio, mal funcionamiento o cualquier inconveniente del que venga a ocurrir por causas ajenas a nosotros. Asimismo, nos excluimos de cualquier responsabilidad por da\u00f1os o perjuicios derivados de presencia de virus o cualquier tipo de incidente originado o introducido en el sistema inform\u00e1tico por intermedio de hackers o de terceros que accedan de manera dolosa a integridad a nuestra p\u00e1gina web.<\/p>\n<p><strong>V\u00ednculos a otras p\u00e1ginas web:<\/strong>\u00a0Para su comodidad, esta p\u00e1gina web contiene v\u00ednculos con otras p\u00e1ginas que pueden poseer pol\u00edticas de privacidad diferentes. En estos casos,\u00a0<b>FOSGRAV <\/b>act\u00faa como prestador de servicios de intermediaci\u00f3n de conformidad con el art\u00edculo 17 de la Ley 34\/2002, de 12 de julio, de Servicios de la Sociedad de la Informaci\u00f3n y el Comercio Electr\u00f3nico (\u00abLSSI\u00bb) y s\u00f3lo ser\u00e1 responsable de los contenidos y servicios suministrados en las webs enlazadas en la medida en que tenga conocimiento efectivo de la ilicitud y no haya desactivado el enlace con la diligencia debida. En el supuesto de que el Usuario considere que existe una web enlazada con contenidos il\u00edcitos o inadecuados podr\u00e1 comunic\u00e1rselo a\u00a0<strong>FOSGRAV<\/strong>, sin que en ning\u00fan caso esta comunicaci\u00f3n conlleve la obligaci\u00f3n de retirar el correspondiente enlace.<\/p>\n<p>En ning\u00fan caso, la existencia de webs enlazadas debe presuponer la existencia de acuerdos con los responsables o titulares de los mismos, ni la recomendaci\u00f3n, promoci\u00f3n o identificaci\u00f3n de\u00a0<b>FOSGRAV <\/b>con las manifestaciones, contenidos o servicios prove\u00eddas.<\/p>\n<p><b>FOSGRAV <\/b>no conoce los contenidos y servicios de las webs enlazadas y por tanto no se hace responsable por los da\u00f1os producidos por la ilicitud, calidad, desactualizaci\u00f3n, indisponibilidad, error e inutilidad de los contenidos y\/o servicios de las webs enlazadas ni por cualquier otro da\u00f1o que no sea directamente imputable a<span>\u00a0<\/span><strong>FOSGRAV<\/strong>.<\/p>\n<p>Recomendamos examinar sus respectivos t\u00e9rminos y condiciones legales. Bajo ning\u00fan concepto se intercambiaran datos de car\u00e1cter personal con cualquier p\u00e1gina externa. Tampoco nos hacemos responsables ni del contenido, ni de cualquier otro aspecto relacionado con p\u00e1ginas web pertenecientes o dirigidas por terceros. Asimismo le informamos que no podemos ejercer control alguno acerca de su mantenimiento y contenido, por lo tanto, no podemos garantizar que los hiperenlaces, punteros u otras funciones de enlace dispuestas en esos sitios, sean correctas en el momento de su acceso y que est\u00e9n libres de virus u otros elementos lesivos que pudieran causar da\u00f1os o alteraciones en su equipo<br \/>inform\u00e1tico.<\/p>\n<p><strong>Obligaciones del usuario:<\/strong>\u00a0El Usuario se obliga a hacer un uso correcto de la p\u00e1gina web de conformidad con la Ley y el presente Aviso Legal. El Usuario responder\u00e1 frente a\u00a0<b>FOSGRAV <\/b>o frente a terceros de cualesquiera da\u00f1os y perjuicios que pudieran causarse como consecuencia del incumplimiento de dicha obligaci\u00f3n.<\/p>\n<p>Queda expresamente prohibido el uso de la p\u00e1gina web con fines lesivos de bienes o intereses de\u00a0<b>FOSGRAV <\/b>o de terceros o que de cualquier otra forma sobrecarguen, da\u00f1en o inutilicen las redes, servidores y dem\u00e1s equipos inform\u00e1ticos (hardware) o productos y aplicaciones inform\u00e1ticas (software) de\u00a0<b>FOSGRAV <\/b>o de terceros.<\/p>\n<h2>4. FORMULARIOS DE RECOGIDA DE DATOS<\/h2>\n<p>Sin perjuicio de lo dispuesto en nuestra<span>\u00a0<\/span><a href=\"https:\/\/fosgrav.es\/es\/politica-de-privacidade\/\" role=\"link\">Pol\u00edtica de Privacidad<\/a><span>\u00a0<\/span>accesible desde nuestra p\u00e1gina web, la utilizaci\u00f3n de ciertos servicios o solicitudes dirigidas a<span>\u00a0<\/span><strong>FOSGRAV<\/strong><span>\u00a0<\/span>est\u00e1n condicionadas a la previa cumplimentaci\u00f3n del correspondiente registro de Usuario.<\/p>\n<p>Toda la informaci\u00f3n que facilite el Usuario a trav\u00e9s de los formularios de nuestra p\u00e1gina web a los efectos anteriores o cualesquiera otros deber\u00e1 ser veraz. A estos efectos, el Usuario garantiza la autenticidad de todos aquellos datos que comunique y mantendr\u00e1 la informaci\u00f3n facilitada a\u00a0<b>FOSGRAV <\/b>perfectamente actualizada de forma que responda, en todo momento, a la situaci\u00f3n real del Usuario. En todo caso ser\u00e1 el Usuario el \u00fanico responsable de las manifestaciones falsas o inexactas que realice y de los perjuicios que cause a\u00a0<b>FOSGRAV <\/b>o a terceros por la informaci\u00f3n que facilite.<\/p>\n<h2>5. PROPIEDAD INTELECTUAL<\/h2>\n<p>La totalidad de este sitio web (descripci\u00f3n de productos, texto, im\u00e1genes, marcas, logotipos, botones, archivos, colores, as\u00ed como la estructura, selecci\u00f3n, ordenaci\u00f3n y presentaci\u00f3n de sus contenidos) son propiedad de\u00a0<b>FOSGRAV <\/b>o de terceros que han licenciado o autorizado a nosotros para su uso. Todos los logotipos, marcas y dise\u00f1os que aparecen en esta p\u00e1gina web forman parte de los derechos de propiedad intelectual registrados por nosotros, quedando prohibida cualquier modalidad de explotaci\u00f3n, es decir, la reproducci\u00f3n, distribuci\u00f3n, comunicaci\u00f3n p\u00fablica y transformaci\u00f3n sin la autorizaci\u00f3n expresa.<\/p>\n<p>El usuario se obliga a usar los contenidos de forma diligente, correcta y l\u00edcita y, en particular, se compromete a abstenerse de suprimir o manipular el copyright y dem\u00e1s datos identificativos de los derechos de\u00a0<b>FOSGRAV <\/b>o de sus titulares incorporados a los contenidos, as\u00ed como los dispositivos<br \/>t\u00e9cnicos de protecci\u00f3n o cualesquiera mecanismos de informaci\u00f3n que pudieren incluirse en los contenidos. Asimismo el usuario se abstendr\u00e1 de emplear los contenidos y, en particular, la informaci\u00f3n de cualquier clase obtenida a trav\u00e9s del sitio para remitir publicidad, comunicaciones con fines comerciales, mensajes no solicitados dirigidos a una pluralidad de personas con independencia de su finalidad, as\u00ed como a abstenerse de comercializar o divulgar de cualquier modo dicha informaci\u00f3n.<\/p>\n<p>Asimismo,\u00a0<b>FOSGRAV <\/b>podr\u00e1 establecer, si lo considera oportuno, sin perjuicio de la \u00fanica y exclusiva responsabilidad de los Usuarios, los filtros necesarios a fin de evitar que a trav\u00e9s de sus p\u00e1ginas Web puedan verterse en la red contenidos u opiniones, considerados como racistas, xen\u00f3fobos, discriminatorios, pornogr\u00e1ficos, difamatorios o que, de cualquier modo, fomenten la violencia o la diseminaci\u00f3n de contenidos claramente il\u00edcitos o nocivos.\u00a0<a href=\"https:\/\/fosgrav.es\/es\/\" title=\"fosgrav.es\">fosgrav.es<\/a> es un dominio registrado por\u00a0<b>FOSGRAV <\/b>y no puede ser utilizado, salvo autorizaci\u00f3n expresa previa.<\/p>\n<h2>6. COMUNICACIONES COMERCIALES<\/h2>\n<p>Comunicaciones comerciales. Siempre que contemos con su consentimiento expreso (que se obtendr\u00e1 mediante una casilla exclusiva presente en nuestros formularios), podremos usar sus datos personales para ponernos en contacto con usted en el futuro para la realizaci\u00f3n de acciones comerciales que puedan ser de su inter\u00e9s, siempre relacionadas con los productos y\/o servicios que ofrece\u00a0<strong>FOSGRAV<\/strong>. En cualquier caso, usted siempre tendr\u00e1 disponible la opci\u00f3n \u00abdejar de recibir\u00bb estos mensajes electr\u00f3nicos en la parte inferior de dichos mensajes o notificarlo a nosotros enviando un correo electr\u00f3nico a la siguiente direcci\u00f3n:\u00a0<a href=\"mailto:info@fosgrav.es\" role=\"link\" target=\"_blank\" rel=\"noopener\">info@fosgrav.es<\/a>\u00a0Sin embargo, usted podr\u00e1 seguir recibiendo avisos y correos<br \/>electr\u00f3nicos siempre que sean necesarios y esenciales para el mantenimiento de nuestras transacciones contractuales. De acuerdo con la Ley 34\/2002, de 11 de julio, de servicios de la sociedad de la informaci\u00f3n y de comercio electr\u00f3nico. (LSSICE) <strong>FOSGRAV<\/strong> no realiza pr\u00e1cticas de SPAM y se<br \/>compromete a no enviar comunicaciones de car\u00e1cter comercial sin identificarlas debidamente.<\/p>\n<p>Le rogamos tenga en cuenta que aunque decida no suscribirse o se d\u00e9 de baja de las comunicaciones electr\u00f3nicas promocionales o comerciales puede que\u00a0<b>FOSGRAV <\/b>siga necesitando contactar con usted como Usuario con informaci\u00f3n importante sobre transacciones relativas a su cuenta y a sus compras de productos, reserva de actividades o contrataci\u00f3n de otros servicios.<\/p>\n<h2>7. COOKIES<\/h2>\n<p>Nuestra pol\u00edtica con relaci\u00f3n al uso de cookies se expone en el documento de<span>\u00a0<\/span><a href=\"https:\/\/fosgrav.es\/es\/politica-de-cookies-ue\/\" role=\"link\">Pol\u00edtica de cookies.<\/a><\/p>\n<h2>8. PROTECCI\u00d3N DE DATOS DE CAR\u00c1CTER PERSONAL<\/h2>\n<p>Nuestra pol\u00edtica con relaci\u00f3n al tratamiento que realizamos de sus datos de car\u00e1cter personal se expone en el documento<span>\u00a0<\/span><a href=\"https:\/\/fosgrav.es\/es\/politica-de-privacidade\/\" role=\"link\">Pol\u00edtica de Privacidad.<\/a><\/p>\n<h2>9. EXCLUSI\u00d3N DE RESPONSABILIDAD<\/h2>\n<p><strong>De la informaci\u00f3n:<\/strong>\u00a0El acceso a la p\u00e1gina web no implica la obligaci\u00f3n por parte de\u00a0<b>FOSGRAV <\/b>de comprobar la veracidad, exactitud, adecuaci\u00f3n, idoneidad, exhaustividad y actualidad de la informaci\u00f3n suministrada a trav\u00e9s del mismo. Los contenidos de esta p\u00e1gina son de car\u00e1cter general y no constituyen, en modo alguno, la prestaci\u00f3n de un servicio de asesoramiento legal o fiscal de ning\u00fan tipo, por lo que dicha informaci\u00f3n resulta insuficiente para la toma de decisiones personales o empresariales por parte del Usuario.\u00a0<b>FOSGRAV <\/b>no se responsabiliza de las decisiones tomadas a partir de la informaci\u00f3n suministrada en la p\u00e1gina web ni de los da\u00f1os y perjuicios producidos en el Usuario o terceros con motivo de actuaciones que tengan como \u00fanico fundamento la informaci\u00f3n obtenida en la p\u00e1gina web.<\/p>\n<p><strong>De la calidad del servicio:<\/strong>\u00a0El acceso a la p\u00e1gina web no implica la obligaci\u00f3n por parte de\u00a0<strong>FOSGRAV<span>\u00a0<\/span><\/strong>de controlar la ausencia de virus, gusanos o cualquier otro elemento inform\u00e1tico da\u00f1ino. Corresponde al Usuario, en todo caso, la disponibilidad de herramientas adecuadas para la detecci\u00f3n y desinfecci\u00f3n de programas inform\u00e1ticos da\u00f1inos.\u00a0<b>FOSGRAV <\/b>no se responsabiliza de los da\u00f1os producidos en los equipos inform\u00e1ticos de los Usuarios o de terceros durante la prestaci\u00f3n del servicio de la p\u00e1gina web.<\/p>\n<p><strong>De la disponibilidad del servicio:<\/strong><span>\u00a0<\/span>El acceso a la p\u00e1gina web requiere de servicios y suministros de terceros, incluidos el transporte a trav\u00e9s de redes de telecomunicaciones cuya fiabilidad, calidad, continuidad y funcionamiento no corresponde a<span>\u00a0<\/span><strong>FOSGRAV<\/strong>. Por consiguiente, los servicios prove\u00eddos a trav\u00e9s de la p\u00e1gina web pueden ser suspendidos, cancelados o resultar inaccesibles, con car\u00e1cter previo o simultaneo a la prestaci\u00f3n del servicio de la p\u00e1gina web. <strong>FOSGRAV<\/strong> no se responsabiliza de los da\u00f1os o perjuicios de cualquier tipo producidos en el Usuario que traigan causa de fallos o desconexiones en las redes de telecomunicaciones que produzcan la suspensi\u00f3n, cancelaci\u00f3n o interrupci\u00f3n del servicio de la p\u00e1gina web durante la prestaci\u00f3n del mismo o con car\u00e1cter previo.<\/p>\n<h2>10. LEGISLACI\u00d3N Y JURISDICCI\u00d3N<\/h2>\n<p>Las presentes condiciones generales se regir\u00e1n por lo aqu\u00ed establecido y en su defecto por lo establecido en las Leyes espa\u00f1olas. Para cualquier controversia que pueda surgir en la interpretaci\u00f3n o ejecuci\u00f3n de las presentes condiciones, el usuario y\u00a0<b>FOSGRAV <\/b>acuerdan someterse expresamente a los Juzgados y Tribunales que pudieran corresponder de conformidad con la legislaci\u00f3n aplicable.<\/p>\n<p><\/p>[\/et_pb_text][\/et_pb_column][\/et_pb_row][\/et_pb_section]","protected":false},"excerpt":{"rendered":"<p>AVISO LEGAL Gracias por visitar este sitio web.Lee detenidamente los T\u00e9rminos y Condiciones que constan en este documento, ya que el uso de este sitio web implica la expresa y plena aceptaci\u00f3n de los mismos, en la versi\u00f3n publicada en el momento en que accedes a todas y cada una de las p\u00e1ginas web localizables [&hellip;]<\/p>","protected":false},"author":1,"featured_media":0,"parent":0,"menu_order":8,"comment_status":"closed","ping_status":"closed","template":"","meta":{"_et_pb_use_builder":"on","_et_pb_old_content":"<!-- wp:divi\/placeholder \/-->","_et_gb_content_width":"","footnotes":""},"class_list":["post-254","page","type-page","status-publish","hentry"],"_links":{"self":[{"href":"https:\/\/fosgrav.es\/es\/wp-json\/wp\/v2\/pages\/254","targetHints":{"allow":["GET"]}}],"collection":[{"href":"https:\/\/fosgrav.es\/es\/wp-json\/wp\/v2\/pages"}],"about":[{"href":"https:\/\/fosgrav.es\/es\/wp-json\/wp\/v2\/types\/page"}],"author":[{"embeddable":true,"href":"https:\/\/fosgrav.es\/es\/wp-json\/wp\/v2\/users\/1"}],"replies":[{"embeddable":true,"href":"https:\/\/fosgrav.es\/es\/wp-json\/wp\/v2\/comments?post=254"}],"version-history":[{"count":3,"href":"https:\/\/fosgrav.es\/es\/wp-json\/wp\/v2\/pages\/254\/revisions"}],"predecessor-version":[{"id":341,"href":"https:\/\/fosgrav.es\/es\/wp-json\/wp\/v2\/pages\/254\/revisions\/341"}],"wp:attachment":[{"href":"https:\/\/fosgrav.es\/es\/wp-json\/wp\/v2\/media?parent=254"}],"curies":[{"name":"wp","href":"https:\/\/api.w.org\/{rel}","templated":true}]}}