{"id":169,"date":"2025-02-07T13:08:20","date_gmt":"2025-02-07T12:08:20","guid":{"rendered":"https:\/\/fosgrav.es\/?page_id=169"},"modified":"2025-02-12T12:52:53","modified_gmt":"2025-02-12T11:52:53","slug":"contacto","status":"publish","type":"page","link":"https:\/\/fosgrav.es\/es\/contacto\/","title":{"rendered":"Contacto"},"content":{"rendered":"<p>[et_pb_section fb_built=&#8221;1&#8243; admin_label=&#8221;Category Search Section&#8221; _builder_version=&#8221;4.16&#8243; custom_padding=&#8221;26px||110px|||&#8221; global_colors_info=&#8221;{}&#8221;][et_pb_row admin_label=&#8221;Category Search Title Area&#8221; _builder_version=&#8221;4.27.3&#8243; width=&#8221;100%&#8221; max_width=&#8221;85%&#8221; locked=&#8221;off&#8221; global_colors_info=&#8221;{}&#8221;][et_pb_column type=&#8221;4_4&#8243; _builder_version=&#8221;4.16&#8243; custom_padding=&#8221;|||&#8221; global_colors_info=&#8221;{}&#8221; custom_padding__hover=&#8221;|||&#8221;][et_pb_text _builder_version=&#8221;4.27.4&#8243; _module_preset=&#8221;default&#8221; text_font_size=&#8221;0.8rem&#8221; text_line_height=&#8221;1.5em&#8221; header_font_size=&#8221;2rem&#8221; header_2_font_size=&#8221;1.5rem&#8221; header_2_line_height=&#8221;1.5em&#8221; global_colors_info=&#8221;{}&#8221;]<\/p>\n<h1 style=\"text-align: center;\">Contacto<\/h1>\n<p>[\/et_pb_text][\/et_pb_column][\/et_pb_row][et_pb_row column_structure=&#8221;1_2,1_2&#8243; use_custom_gutter=&#8221;on&#8221; gutter_width=&#8221;2&#8243; make_equal=&#8221;on&#8221; admin_label=&#8221;Category Search Title Area&#8221; _builder_version=&#8221;4.27.4&#8243; width=&#8221;100%&#8221; max_width=&#8221;85%&#8221; locked=&#8221;off&#8221; global_colors_info=&#8221;{}&#8221;][et_pb_column type=&#8221;1_2&#8243; _builder_version=&#8221;4.16&#8243; custom_padding=&#8221;|||&#8221; global_colors_info=&#8221;{}&#8221; custom_padding__hover=&#8221;|||&#8221;][dvppl_cf7_styler use_form_header=&#8221;on&#8221; form_header_title=&#8221;Formulario de Contacto&#8221; form_header_text=&#8221;Todos os campos con * son obrigatorios&#8221; form_header_bg=&#8221;#000000&#8243; form_header_padding=&#8221;16px|20px|16px|20px|true|true&#8221; form_header_bottom=&#8221;2rem&#8221; cf7=&#8221;10&#8243; form_field_padding=&#8221;6px|15px|6px|15px|true|false&#8221; form_field_spacing=&#8221;0px&#8221; form_label_spacing=&#8221;0px&#8221; cf7_message_color=&#8221;#000000&#8243; cf7_border_highlight_color=&#8221;#000000&#8243; cf7_success_message_color=&#8221;#44580E&#8221; cf7_success_border_color=&#8221;#44580E&#8221; cf7_error_message_color=&#8221;#B00909&#8243; cf7_error_border_color=&#8221;#B00909&#8243; _builder_version=&#8221;4.27.4&#8243; _module_preset=&#8221;default&#8221; form_field_font_font=&#8221;||||||||&#8221; form_field_font_font_size=&#8221;1rem&#8221; form_field_font_line_height=&#8221;1.5em&#8221; labels_font=&#8221;|700|||||||&#8221; labels_font_size=&#8221;1rem&#8221; labels_line_height=&#8221;1.5em&#8221; title_font=&#8221;||||||||&#8221; title_text_color=&#8221;#FFFFFF&#8221; title_font_size=&#8221;2rem&#8221; title_line_height=&#8221;1.5em&#8221; text_font=&#8221;|800|||||||&#8221; text_text_color=&#8221;#FFFFFF&#8221; text_font_size=&#8221;1.2rem&#8221; text_line_height=&#8221;1.5em&#8221; custom_submit_button=&#8221;on&#8221; submit_button_text_size=&#8221;1.2rem&#8221; submit_button_text_color=&#8221;#FFFFFF&#8221; submit_button_bg_color=&#8221;#000000&#8243; submit_button_border_color=&#8221;RGBA(255,255,255,0)&#8221; submit_button_border_radius=&#8221;9px&#8221; text_orientation=&#8221;left&#8221; border_radii=&#8221;on|18px|18px|18px|18px&#8221; global_colors_info=&#8221;{}&#8221;][\/dvppl_cf7_styler][et_pb_text _builder_version=&#8221;4.27.4&#8243; _module_preset=&#8221;default&#8221; text_font_size=&#8221;0.8rem&#8221; text_line_height=&#8221;1.5em&#8221; header_2_font_size=&#8221;1.5rem&#8221; header_2_line_height=&#8221;1.5em&#8221; hover_enabled=&#8221;0&#8243; global_colors_info=&#8221;{}&#8221; sticky_enabled=&#8221;0&#8243;]<\/p>\n<h2>Legal<\/h2>\n<p>En cumplimiento al REGLAMENTO (UE) 2016\/679 DEL PARLAMENTO EUROPEO Y DEL CONSEJO de 27 de abril de 2016 (relativo a la protecci\u00f3n y al tratamiento de datos personales), le informamos que los datos recogidos a trav\u00e9s de este formulario ser\u00e1n utilizados con la \u00fanica finalidad de responder correctamente su consulta y enviarle informaci\u00f3n referente a nuestros productos y servicios. Los interesados pueden ejercitar sus derechos de acceso, rectificaci\u00f3n, supresi\u00f3n, portabilidad y la limitaci\u00f3n u oposici\u00f3n dirigi\u00e9ndose por escrito a la siguiente direcci\u00f3n de correo electr\u00f3nico info@fosgrav.es. Asimismo, los interesados tienen derecho a reclamar ante la Autoridad de Control (Agencia Espa\u00f1ola de Protecci\u00f3n de Datos: www.agpd.es).<\/p>\n<p>[\/et_pb_text][\/et_pb_column][et_pb_column type=&#8221;1_2&#8243; _builder_version=&#8221;4.16&#8243; custom_padding=&#8221;|||&#8221; global_colors_info=&#8221;{}&#8221; custom_padding__hover=&#8221;|||&#8221;][et_pb_image src=&#8221;https:\/\/fosgrav.es\/wp-content\/uploads\/2025\/02\/teclado-iluminado-en-rojo.webp&#8221; alt=&#8221;Autoretrato de Abel&#8221; _builder_version=&#8221;4.27.4&#8243; _module_preset=&#8221;default&#8221; border_radii=&#8221;on|22px|22px|22px|22px&#8221; global_colors_info=&#8221;{}&#8221;][\/et_pb_image][et_pb_image src=&#8221;https:\/\/fosgrav.es\/wp-content\/uploads\/2025\/02\/puesto-de-trabajo-de-Abel-portatil-tablet-movil-alatavoces-pantalla-auxiliar-y-dron-1.webp&#8221; alt=&#8221;Autoretrato de Abel&#8221; _builder_version=&#8221;4.27.4&#8243; _module_preset=&#8221;default&#8221; border_radii=&#8221;on|22px|22px|22px|22px&#8221; global_colors_info=&#8221;{}&#8221;][\/et_pb_image][\/et_pb_column][\/et_pb_row][\/et_pb_section]<\/p>","protected":false},"excerpt":{"rendered":"<p>Contacto<div class=\"et_pb_module dvppl_cf7_styler dvppl_cf7_styler_0\">\n\t\t\t\t\n\t\t\t\t\n\t\t\t\t\n\t\t\t\t\n\t\t\t\t\n\t\t\t\t\n\t\t\t\t<div class=\"et_pb_module_inner\">\n\t\t\t\t\t<div class=\"dipe-cf7-container dipe-cf7-button-left\">\n\t\t\t\t<div class=\"dipe-form-header-container\">\n                \t<div class=\"dipe-form-header\">\n                \t\t<div class=\"dipe-form-header-info\"><h2 class=\"dipe-form-header-title\">Formulario de Contacto<\/h2><div class=\"dipe-form-header-text\">Todos los campos con * son obligatorios<\/div><\/div>\n                \t<\/div>\n                <\/div>\n\t\t\t\t<div class=\"dipe-cf7 dipe-cf7-styler\">\n\t\t\t\t\t\n<div class=\"wpcf7 no-js\" id=\"wpcf7-f10-o1\" lang=\"es-ES\" dir=\"ltr\" data-wpcf7-id=\"10\">\n<div class=\"screen-reader-response\"><p role=\"status\" aria-live=\"polite\" aria-atomic=\"true\"><\/p> <ul><\/ul><\/div>\n<form action=\"\/es\/wp-json\/wp\/v2\/pages\/169#wpcf7-f10-o1\" method=\"post\" class=\"wpcf7-form init\" aria-label=\"Formulario de contacto\" novalidate=\"novalidate\" data-status=\"init\" data-trp-original-action=\"\/es\/wp-json\/wp\/v2\/pages\/169#wpcf7-f10-o1\">\n<fieldset class=\"hidden-fields-container\"><input type=\"hidden\" name=\"_wpcf7\" value=\"10\" \/><input type=\"hidden\" name=\"_wpcf7_version\" value=\"6.1.3\" \/><input type=\"hidden\" name=\"_wpcf7_locale\" value=\"es_ES\" \/><input type=\"hidden\" name=\"_wpcf7_unit_tag\" value=\"wpcf7-f10-o1\" \/><input type=\"hidden\" name=\"_wpcf7_container_post\" value=\"0\" \/><input type=\"hidden\" name=\"_wpcf7_posted_data_hash\" value=\"\" \/>\n<\/fieldset>\n<p><label for=\"nombre\" >Nombre*<\/label><br \/>\n    <div class=\"wpcf7-not-valid-tip\" role=\"alert\" aria-hidden=\"true\"><span class=\"wpcf7-form-control-wrap\" data-name=\"nombre\"><input size=\"40\" maxlength=\"400\" class=\"wpcf7-form-control wpcf7-text wpcf7-validates-as-required\" id=\"nombre\" autocomplete=\"name\" aria-required=\"true\" aria-invalid=\"false\" value=\"\" type=\"text\" name=\"nombre\" \/><\/span> <\/div><\/p>\n\n<p><label for=\"email\" >Email*<\/label><br \/>\n    <div class=\"wpcf7-not-valid-tip\" role=\"alert\" aria-hidden=\"true\"><span class=\"wpcf7-form-control-wrap\" data-name=\"email\"><input size=\"40\" maxlength=\"400\" class=\"wpcf7-form-control wpcf7-email wpcf7-validates-as-required wpcf7-text wpcf7-validates-as-email\" id=\"email\" autocomplete=\"email\" aria-required=\"true\" aria-invalid=\"false\" value=\"\" type=\"email\" name=\"email\" \/><\/span> <\/div><\/p>\n\n<p><label for=\"asunto\" >Asunto<\/label><br \/>\n    <div class=\"wpcf7-not-valid-tip\" role=\"alert\" aria-hidden=\"true\"><\/div><span class=\"wpcf7-form-control-wrap\" data-name=\"your-subject\"><input size=\"40\" maxlength=\"400\" class=\"wpcf7-form-control wpcf7-text\" id=\"asunto\" autocomplete=\"subject\" aria-invalid=\"false\" value=\"\" type=\"text\" name=\"your-subject\" \/><\/span> <\/p>\n\n<p style=\"color:black\"><label for=\"mensaje\">Mensaje*<\/label><br \/>\n    <div class=\"wpcf7-not-valid-tip\" role=\"alert\" aria-hidden=\"true\"><span class=\"wpcf7-form-control-wrap\" data-name=\"mensaje\"><textarea cols=\"40\" rows=\"10\" maxlength=\"2000\" class=\"wpcf7-form-control wpcf7-textarea wpcf7-validates-as-required\" id=\"mensaje\" aria-required=\"true\" aria-invalid=\"false\" name=\"mensaje\"><\/textarea><\/span> <\/div><\/p>\n\n<p style=\"color:black\"><span class=\"wpcf7-form-control-wrap\" data-name=\"PoliticadePrivacidad\"><span class=\"wpcf7-form-control wpcf7-acceptance\"><span class=\"wpcf7-list-item\"><label><input type=\"checkbox\" name=\"PoliticadePrivacidad\" value=\"1\" id=\"PoliticadePrivacidad\" aria-invalid=\"false\" \/><span class=\"wpcf7-list-item-label\">He le\u00eddo y acepto la <a href=\"https:\/\/www.fosgrav.es\/es\/politica-de-privacidad\/\" target=\"_blank\" title=\"Pol\u00edtica de Privacidad y Protecci\u00f3n de Datos\"><span style=\"color:#2b588f;\">Pol\u00edtica de Privacidad<\/span><\/a><\/span><\/label><\/span><\/span><\/span><\/p>\n\n<div class=\"wpcf7-response-output\" role=\"alert\" aria-hidden=\"true\"><div class=\"wpcf7-response-output\" aria-hidden=\"true\"><\/div><\/div>\n<p><input class=\"wpcf7-form-control wpcf7-submit has-spinner\" type=\"submit\" value=\"Enviar\" \/><\/p>\n<span id=\"wpcf7-69e0024a3f121-wrapper\" class=\"wpcf7-form-control-wrap honeypot-30-wrap\" ><label for=\"wpcf7-69e0024a3f121-field\" class=\"hp-message\">Por favor, deja este campo vac\u00edo.<\/label><input id=\"wpcf7-69e0024a3f121-field\"  class=\"wpcf7-form-control wpcf7-text\" type=\"text\" name=\"honeypot-30\" value=\"\" size=\"40\" tabindex=\"-1\" autocomplete=\"new-password\" \/><\/span>\n<input type=\"hidden\" name=\"trp-form-language\" value=\"es\"\/><\/form>\n<\/div>\n\n\t\t\t\t<\/div>\n\t\t\t<\/div>\n\t\t\t\t<\/div>\n\t\t\t<\/div>Legal En cumprimento ao REGULAMENTO (UE) [&hellip;]<\/p>","protected":false},"author":1,"featured_media":171,"parent":0,"menu_order":3,"comment_status":"closed","ping_status":"closed","template":"","meta":{"_et_pb_use_builder":"on","_et_pb_old_content":"","_et_gb_content_width":"","footnotes":""},"class_list":["post-169","page","type-page","status-publish","has-post-thumbnail","hentry"],"_links":{"self":[{"href":"https:\/\/fosgrav.es\/es\/wp-json\/wp\/v2\/pages\/169","targetHints":{"allow":["GET"]}}],"collection":[{"href":"https:\/\/fosgrav.es\/es\/wp-json\/wp\/v2\/pages"}],"about":[{"href":"https:\/\/fosgrav.es\/es\/wp-json\/wp\/v2\/types\/page"}],"author":[{"embeddable":true,"href":"https:\/\/fosgrav.es\/es\/wp-json\/wp\/v2\/users\/1"}],"replies":[{"embeddable":true,"href":"https:\/\/fosgrav.es\/es\/wp-json\/wp\/v2\/comments?post=169"}],"version-history":[{"count":7,"href":"https:\/\/fosgrav.es\/es\/wp-json\/wp\/v2\/pages\/169\/revisions"}],"predecessor-version":[{"id":286,"href":"https:\/\/fosgrav.es\/es\/wp-json\/wp\/v2\/pages\/169\/revisions\/286"}],"wp:featuredmedia":[{"embeddable":true,"href":"https:\/\/fosgrav.es\/es\/wp-json\/wp\/v2\/media\/171"}],"wp:attachment":[{"href":"https:\/\/fosgrav.es\/es\/wp-json\/wp\/v2\/media?parent=169"}],"curies":[{"name":"wp","href":"https:\/\/api.w.org\/{rel}","templated":true}]}}